{"id":172,"date":"2025-06-04T08:27:03","date_gmt":"2025-06-04T08:27:03","guid":{"rendered":"https:\/\/cevas.eu\/?page_id=172"},"modified":"2025-06-08T09:25:35","modified_gmt":"2025-06-08T09:25:35","slug":"projektai","status":"publish","type":"page","link":"https:\/\/cevas.eu\/ru\/projektai\/","title":{"rendered":"\u041f\u0420\u041e\u0415\u041a\u0422\u042b"},"content":{"rendered":"<div data-elementor-type=\"wp-page\" data-elementor-id=\"172\" class=\"elementor elementor-172\" data-elementor-post-type=\"page\">\n\t\t\t\t<div class=\"elementor-element elementor-element-35a27c9 e-flex e-con-boxed e-con e-parent\" data-id=\"35a27c9\" data-element_type=\"container\" data-e-type=\"container\" data-settings=\"{&quot;background_background&quot;:&quot;classic&quot;}\">\n\t\t\t\t\t<div class=\"e-con-inner\">\n\t\t\t\t<div class=\"elementor-element elementor-element-adcd92b elementor-widget elementor-widget-heading\" data-id=\"adcd92b\" data-element_type=\"widget\" data-e-type=\"widget\" data-widget_type=\"heading.default\">\n\t\t\t\t<div class=\"elementor-widget-container\">\n\t\t\t\t\t<h2 class=\"elementor-heading-title elementor-size-default\">\u041f\u0420\u041e\u0415\u041a\u0422\u042b<\/h2>\t\t\t\t<\/div>\n\t\t\t\t<\/div>\n\t\t\t\t<div class=\"elementor-element elementor-element-65b4046 elementor-widget elementor-widget-text-editor\" data-id=\"65b4046\" data-element_type=\"widget\" data-e-type=\"widget\" data-widget_type=\"text-editor.default\">\n\t\t\t\t<div class=\"elementor-widget-container\">\n\t\t\t\t\t\t\t\t\t<h3 style=\"color: white;\">\ud83c\udfd7\ufe0f \u041d\u0430\u0448\u0438 \u043f\u0440\u043e\u0435\u043a\u0442\u044b<\/h3><p>\u0412 \u043d\u0430\u0441\u0442\u043e\u044f\u0449\u0435\u0435 \u0432\u0440\u0435\u043c\u044f \u043c\u044b \u043d\u0435 \u043f\u0443\u0431\u043b\u0438\u043a\u0443\u0435\u043c \u043a\u043e\u043d\u043a\u0440\u0435\u0442\u043d\u044b\u0435 \u043f\u0440\u043e\u0435\u043a\u0442\u044b, \u043e\u0434\u043d\u0430\u043a\u043e \u0430\u043a\u0442\u0438\u0432\u043d\u043e \u0440\u0430\u0431\u043e\u0442\u0430\u0435\u043c \u0441 \u0440\u0430\u0437\u043b\u0438\u0447\u043d\u044b\u043c\u0438 \u043e\u0431\u044a\u0435\u043a\u0442\u0430\u043c\u0438 \u043f\u043e \u0432\u0441\u0435\u0439 \u041b\u0438\u0442\u0432\u0435.<\/p><p>\u041f\u0440\u043e\u0435\u043a\u0442\u0438\u0440\u0443\u0435\u043c:<\/p><ul><li>\ud83c\udfe1 \u0437\u0434\u0430\u043d\u0438\u044f \u0436\u0438\u043b\u043e\u0433\u043e \u043d\u0430\u0437\u043d\u0430\u0447\u0435\u043d\u0438\u044f (\u0438\u043d\u0434\u0438\u0432\u0438\u0434\u0443\u0430\u043b\u044c\u043d\u044b\u0435, \u0434\u0432\u0443\u0445\u043a\u0432\u0430\u0440\u0442\u0438\u0440\u043d\u044b\u0435, \u043c\u043d\u043e\u0433\u043e\u043a\u0432\u0430\u0440\u0442\u0438\u0440\u043d\u044b\u0435 \u0434\u043e\u043c\u0430);<\/li><li>\ud83c\udfed \u0437\u0434\u0430\u043d\u0438\u044f \u043d\u0435\u0436\u0438\u043b\u043e\u0433\u043e \u043d\u0430\u0437\u043d\u0430\u0447\u0435\u043d\u0438\u044f (\u0430\u0434\u043c\u0438\u043d\u0438\u0441\u0442\u0440\u0430\u0442\u0438\u0432\u043d\u044b\u0435, \u043a\u043e\u043c\u043c\u0435\u0440\u0447\u0435\u0441\u043a\u0438\u0435, \u043f\u0440\u043e\u0438\u0437\u0432\u043e\u0434\u0441\u0442\u0432\u0435\u043d\u043d\u044b\u0435, \u0441\u043a\u043b\u0430\u0434\u0441\u043a\u0438\u0435 \u0438 \u0434\u0440.);<\/li><li>\u2699\ufe0f \u0440\u0430\u0437\u043b\u0438\u0447\u043d\u044b\u0435 \u0438\u043d\u0436\u0435\u043d\u0435\u0440\u043d\u044b\u0435 \u0441\u043e\u043e\u0440\u0443\u0436\u0435\u043d\u0438\u044f (\u0442\u0435\u0440\u0440\u0430\u0441\u044b, \u0441\u043f\u043e\u0440\u0442\u0438\u0432\u043d\u044b\u0435 \u043e\u0431\u044a\u0435\u043a\u0442\u044b, \u043f\u043e\u0434\u043f\u043e\u0440\u043d\u044b\u0435 \u0441\u0442\u0435\u043d\u044b, \u0441\u043e\u043b\u043d\u0435\u0447\u043d\u044b\u0435\/\u0432\u0435\u0442\u0440\u043e\u0432\u044b\u0435 \u044d\u043b\u0435\u043a\u0442\u0440\u043e\u0441\u0442\u0430\u043d\u0446\u0438\u0438 \u0438 \u0434\u0440.).<\/li><\/ul><p>\u0420\u0430\u0437\u0434\u0435\u043b \u043f\u043e\u0441\u0442\u043e\u044f\u043d\u043d\u043e \u043e\u0431\u043d\u043e\u0432\u043b\u044f\u0435\u0442\u0441\u044f \u2014 \u0441\u043a\u043e\u0440\u043e \u043c\u044b \u043f\u043e\u0434\u0435\u043b\u0438\u043c\u0441\u044f \u043f\u0440\u0438\u043c\u0435\u0440\u0430\u043c\u0438 \u0440\u0435\u0430\u043b\u0438\u0437\u043e\u0432\u0430\u043d\u043d\u044b\u0445 \u043f\u0440\u043e\u0435\u043a\u0442\u043e\u0432.<\/p>\t\t\t\t\t\t\t\t<\/div>\n\t\t\t\t<\/div>\n\t\t\t\t\t<\/div>\n\t\t\t\t<\/div>\n\t\t<div class=\"elementor-element elementor-element-a46da2a e-con-full e-flex e-con e-parent\" data-id=\"a46da2a\" data-element_type=\"container\" data-e-type=\"container\">\n\t\t<div class=\"elementor-element elementor-element-fd9a17d e-con-full e-flex e-con e-child\" data-id=\"fd9a17d\" data-element_type=\"container\" data-e-type=\"container\">\n\t\t\t\t<div class=\"elementor-element elementor-element-7f7219e elementor-widget elementor-widget-image\" data-id=\"7f7219e\" data-element_type=\"widget\" data-e-type=\"widget\" data-widget_type=\"image.default\">\n\t\t\t\t<div class=\"elementor-widget-container\">\n\t\t\t\t\t\t\t\t\t\t\t\t\t\t\t<img fetchpriority=\"high\" decoding=\"async\" width=\"1024\" height=\"683\" src=\"https:\/\/cevas.eu\/wp-content\/uploads\/2025\/06\/thinking-sketch-1024x683.jpg\" class=\"attachment-large size-large wp-image-108\" alt=\"CEVAS projektavimo sprendimai\" srcset=\"https:\/\/cevas.eu\/wp-content\/uploads\/2025\/06\/thinking-sketch-1024x683.jpg 1024w, https:\/\/cevas.eu\/wp-content\/uploads\/2025\/06\/thinking-sketch-300x200.jpg 300w, https:\/\/cevas.eu\/wp-content\/uploads\/2025\/06\/thinking-sketch-768x512.jpg 768w, https:\/\/cevas.eu\/wp-content\/uploads\/2025\/06\/thinking-sketch-1536x1024.jpg 1536w, https:\/\/cevas.eu\/wp-content\/uploads\/2025\/06\/thinking-sketch-2048x1365.jpg 2048w\" sizes=\"(max-width: 1024px) 100vw, 1024px\" \/>\t\t\t\t\t\t\t\t\t\t\t\t\t\t\t<\/div>\n\t\t\t\t<\/div>\n\t\t\t\t<\/div>\n\t\t<div class=\"elementor-element elementor-element-ca4c8d2 e-con-full e-flex e-con e-child\" data-id=\"ca4c8d2\" data-element_type=\"container\" data-e-type=\"container\" data-settings=\"{&quot;background_background&quot;:&quot;classic&quot;}\">\n\t\t\t\t<div class=\"elementor-element elementor-element-1692824 elementor-widget elementor-widget-heading\" data-id=\"1692824\" data-element_type=\"widget\" data-e-type=\"widget\" data-widget_type=\"heading.default\">\n\t\t\t\t<div class=\"elementor-widget-container\">\n\t\t\t\t\t<h2 class=\"elementor-heading-title elementor-size-default\">\u041e\u0441\u0442\u0430\u0432\u044c\u0442\u0435 \u0441\u0432\u043e\u0438 \u043a\u043e\u043d\u0442\u0430\u043a\u0442\u044b<\/h2>\t\t\t\t<\/div>\n\t\t\t\t<\/div>\n\t\t\t\t<div class=\"elementor-element elementor-element-651570c elementor-widget elementor-widget-text-editor\" data-id=\"651570c\" data-element_type=\"widget\" data-e-type=\"widget\" data-widget_type=\"text-editor.default\">\n\t\t\t\t<div class=\"elementor-widget-container\">\n\t\t\t\t\t\t\t\t\t<p>\u041c\u042b \u0421 \u0412\u0410\u041c\u0418 \u0421\u0412\u042f\u0416\u0415\u041c\u0421\u042f\u00a0<\/p>\t\t\t\t\t\t\t\t<\/div>\n\t\t\t\t<\/div>\n\t\t\t\t<div class=\"elementor-element elementor-element-bd371ea elementor-button-align-end elementor-widget elementor-widget-form\" data-id=\"bd371ea\" data-element_type=\"widget\" data-e-type=\"widget\" data-settings=\"{&quot;step_next_label&quot;:&quot;Next&quot;,&quot;step_previous_label&quot;:&quot;Previous&quot;,&quot;button_width&quot;:&quot;100&quot;,&quot;step_type&quot;:&quot;number_text&quot;,&quot;step_icon_shape&quot;:&quot;circle&quot;}\" data-widget_type=\"form.default\">\n\t\t\t\t<div class=\"elementor-widget-container\">\n\t\t\t\t\t\t\t<form class=\"elementor-form\" method=\"post\" name=\"New Form\" action=\"\">\n\t\t\t<input type=\"hidden\" name=\"post_id\" value=\"172\"\/>\n\t\t\t<input type=\"hidden\" name=\"form_id\" value=\"bd371ea\"\/>\n\t\t\t<input type=\"hidden\" name=\"referer_title\" value=\"\" \/>\n\n\t\t\t\n\t\t\t<div class=\"elementor-form-fields-wrapper elementor-labels-above\">\n\t\t\t\t\t\t\t\t<div class=\"elementor-field-type-tel elementor-field-group elementor-column elementor-field-group-email elementor-col-100 elementor-field-required\">\n\t\t\t\t\t\t\t<input size=\"1\" type=\"tel\" name=\"form_fields[email]\" id=\"form-field-email\" class=\"elementor-field elementor-size-md  elementor-field-textual\" placeholder=\"\u041d\u043e\u043c\u0435\u0440 \u0442\u0435\u043b\u0435\u0444\u043e\u043d\u0430\" required=\"required\" pattern=\"[0-9()#&amp;+*-=.]+\" title=\"\u041f\u0440\u0438\u043d\u0438\u043c\u0430\u044e\u0442\u0441\u044f \u0442\u043e\u043b\u044c\u043a\u043e \u0446\u0438\u0444\u0440\u044b \u0438 \u0442\u0435\u043b\u0435\u0444\u043e\u043d\u043d\u044b\u0435 \u0441\u0438\u043c\u0432\u043e\u043b\u044b (#, -, * \u0438 \u0442. \u0434.).\">\n\n\t\t\t\t\t\t<\/div>\n\t\t\t\t\t\t\t\t<div class=\"elementor-field-type-email elementor-field-group elementor-column elementor-field-group-field_3961979 elementor-col-100 elementor-field-required\">\n\t\t\t\t\t\t\t\t\t\t\t\t\t<input size=\"1\" type=\"email\" name=\"form_fields[field_3961979]\" id=\"form-field-field_3961979\" class=\"elementor-field elementor-size-md  elementor-field-textual\" placeholder=\"\u042d\u043b. \u043f\u043e\u0447\u0442\u0430\" required=\"required\">\n\t\t\t\t\t\t\t\t\t\t\t<\/div>\n\t\t\t\t\t\t\t\t<div class=\"elementor-field-type-text elementor-field-group elementor-column elementor-field-group-message elementor-col-100\">\n\t\t\t\t\t\t\t\t\t\t\t\t\t<input size=\"1\" type=\"text\" name=\"form_fields[message]\" id=\"form-field-message\" class=\"elementor-field elementor-size-md  elementor-field-textual\" placeholder=\" \u041a\u0440\u0430\u0442\u043a\u043e \u043e\u043f\u0438\u0448\u0438\u0442\u0435 \u043f\u0440\u043e\u0435\u043a\u0442\">\n\t\t\t\t\t\t\t\t\t\t\t<\/div>\n\t\t\t\t\t\t\t\t<div class=\"elementor-field-group elementor-column elementor-field-type-submit elementor-col-100 e-form__buttons\">\n\t\t\t\t\t<button class=\"elementor-button elementor-size-sm\" type=\"submit\">\n\t\t\t\t\t\t<span class=\"elementor-button-content-wrapper\">\n\t\t\t\t\t\t\t\t\t\t\t\t\t\t\t\t\t\t\t\t\t\t<span class=\"elementor-button-text\">\u041e\u0422\u041f\u0420\u0410\u0412\u0418\u0422\u042c<\/span>\n\t\t\t\t\t\t\t\t\t\t\t\t\t<\/span>\n\t\t\t\t\t<\/button>\n\t\t\t\t<\/div>\n\t\t\t<\/div>\n\t\t<input type=\"hidden\" name=\"trp-form-language\" value=\"ru\"\/><\/form>\n\t\t\t\t\t\t<\/div>\n\t\t\t\t<\/div>\n\t\t\t\t<\/div>\n\t\t\t\t<\/div>\n\t\t\t\t<\/div>","protected":false},"excerpt":{"rendered":"<p>Projektai \ud83c\udfd7\ufe0f M\u016bs\u0173 projektai \u0160iuo metu vie\u0161ai neskelbiame konkre\u010di\u0173 projekt\u0173, ta\u010diau aktyviai dirbame su \u012fvairiais objektais visoje Lietuvoje. Projektuojame: \ud83c\udfe0 [&hellip;]<\/p>","protected":false},"author":1,"featured_media":0,"parent":0,"menu_order":0,"comment_status":"closed","ping_status":"closed","template":"","meta":{"site-sidebar-layout":"no-sidebar","site-content-layout":"","ast-site-content-layout":"full-width-container","site-content-style":"default","site-sidebar-style":"default","ast-global-header-display":"","ast-banner-title-visibility":"","ast-main-header-display":"","ast-hfb-above-header-display":"","ast-hfb-below-header-display":"","ast-hfb-mobile-header-display":"","site-post-title":"disabled","ast-breadcrumbs-content":"","ast-featured-img":"disabled","footer-sml-layout":"","ast-disable-related-posts":"","theme-transparent-header-meta":"","adv-header-id-meta":"","stick-header-meta":"","header-above-stick-meta":"","header-main-stick-meta":"","header-below-stick-meta":"","astra-migrate-meta-layouts":"default","ast-page-background-enabled":"default","ast-page-background-meta":{"desktop":{"background-color":"var(--ast-global-color-5)","background-image":"","background-repeat":"repeat","background-position":"center center","background-size":"auto","background-attachment":"scroll","background-type":"","background-media":"","overlay-type":"","overlay-color":"","overlay-opacity":"","overlay-gradient":""},"tablet":{"background-color":"","background-image":"","background-repeat":"repeat","background-position":"center center","background-size":"auto","background-attachment":"scroll","background-type":"","background-media":"","overlay-type":"","overlay-color":"","overlay-opacity":"","overlay-gradient":""},"mobile":{"background-color":"","background-image":"","background-repeat":"repeat","background-position":"center center","background-size":"auto","background-attachment":"scroll","background-type":"","background-media":"","overlay-type":"","overlay-color":"","overlay-opacity":"","overlay-gradient":""}},"ast-content-background-meta":{"desktop":{"background-color":"var(--ast-global-color-4)","background-image":"","background-repeat":"repeat","background-position":"center center","background-size":"auto","background-attachment":"scroll","background-type":"","background-media":"","overlay-type":"","overlay-color":"","overlay-opacity":"","overlay-gradient":""},"tablet":{"background-color":"var(--ast-global-color-4)","background-image":"","background-repeat":"repeat","background-position":"center center","background-size":"auto","background-attachment":"scroll","background-type":"","background-media":"","overlay-type":"","overlay-color":"","overlay-opacity":"","overlay-gradient":""},"mobile":{"background-color":"var(--ast-global-color-4)","background-image":"","background-repeat":"repeat","background-position":"center center","background-size":"auto","background-attachment":"scroll","background-type":"","background-media":"","overlay-type":"","overlay-color":"","overlay-opacity":"","overlay-gradient":""}},"footnotes":""},"class_list":["post-172","page","type-page","status-publish","hentry"],"aioseo_notices":[],"_links":{"self":[{"href":"https:\/\/cevas.eu\/ru\/wp-json\/wp\/v2\/pages\/172","targetHints":{"allow":["GET"]}}],"collection":[{"href":"https:\/\/cevas.eu\/ru\/wp-json\/wp\/v2\/pages"}],"about":[{"href":"https:\/\/cevas.eu\/ru\/wp-json\/wp\/v2\/types\/page"}],"author":[{"embeddable":true,"href":"https:\/\/cevas.eu\/ru\/wp-json\/wp\/v2\/users\/1"}],"replies":[{"embeddable":true,"href":"https:\/\/cevas.eu\/ru\/wp-json\/wp\/v2\/comments?post=172"}],"version-history":[{"count":31,"href":"https:\/\/cevas.eu\/ru\/wp-json\/wp\/v2\/pages\/172\/revisions"}],"predecessor-version":[{"id":381,"href":"https:\/\/cevas.eu\/ru\/wp-json\/wp\/v2\/pages\/172\/revisions\/381"}],"wp:attachment":[{"href":"https:\/\/cevas.eu\/ru\/wp-json\/wp\/v2\/media?parent=172"}],"curies":[{"name":"wp","href":"https:\/\/api.w.org\/{rel}","templated":true}]}}